{"id":241551,"date":"2024-02-08T19:44:33","date_gmt":"2024-02-08T18:44:33","guid":{"rendered":"https:\/\/larisacarliart.store\/?post_type=product&#038;p=241551"},"modified":"2024-03-17T11:26:22","modified_gmt":"2024-03-17T10:26:22","slug":"ljudje-ki-pijejo-kavo-ljubljana","status":"publish","type":"product","link":"https:\/\/larisacarliart.store\/sl\/originali\/ljudje-ki-pijejo-kavo-ljubljana\/","title":{"rendered":"Ljubljanska kavarna, Slovenija, Originalni akvarel"},"content":{"rendered":"<p>[et_pb_section fb_built=&#8221;1&#8243; _builder_version=&#8221;4.24.0&#8243; global_colors_info=&#8221;{}&#8221;][et_pb_row _builder_version=&#8221;4.16&#8243; custom_padding=&#8221;0px||0px||false|false&#8221; global_colors_info=&#8221;{}&#8221;][et_pb_column type=&#8221;4_4&#8243; _builder_version=&#8221;4.16&#8243; custom_padding=&#8221;|||&#8221; global_colors_info=&#8221;{}&#8221; custom_padding__hover=&#8221;|||&#8221;][et_pb_wc_cart_notice _builder_version=&#8221;4.24.0&#8243; global_colors_info=&#8221;{}&#8221;][\/et_pb_wc_cart_notice][\/et_pb_column][\/et_pb_row][et_pb_row column_structure=&#8221;1_2,1_2&#8243; _builder_version=&#8221;4.16&#8243; global_colors_info=&#8221;{}&#8221;][et_pb_column type=&#8221;1_2&#8243; _builder_version=&#8221;4.16&#8243; custom_padding=&#8221;|||&#8221; global_colors_info=&#8221;{}&#8221; custom_padding__hover=&#8221;|||&#8221;][et_pb_wc_images sale_badge_color=&#8221;gcid-c73ed0e8-9cc7-4be1-92d2-ff18dcaedfd6&#8243; _builder_version=&#8221;4.24.0&#8243; border_radii_image=&#8221;on|4px|4px|4px|4px&#8221; global_colors_info=&#8221;{%22gcid-c73ed0e8-9cc7-4be1-92d2-ff18dcaedfd6%22:%91%22sale_badge_color%22%93}&#8221;][\/et_pb_wc_images][et_pb_wc_tabs include_tabs=&#8221;wpt-286|wpt-287|wpt-288|wpt-289||&#8221; _builder_version=&#8221;4.24.2&#8243; _module_preset=&#8221;default&#8221; global_colors_info=&#8221;{}&#8221;][\/et_pb_wc_tabs][et_pb_wc_upsells _builder_version=&#8221;4.24.2&#8243; _module_preset=&#8221;default&#8221; global_colors_info=&#8221;{}&#8221; columns_number=&#8221;2&#8243;][\/et_pb_wc_upsells][\/et_pb_column][et_pb_column type=&#8221;1_2&#8243; _builder_version=&#8221;4.16&#8243; custom_padding=&#8221;|||&#8221; global_colors_info=&#8221;{}&#8221; custom_padding__hover=&#8221;|||&#8221;][et_pb_wc_title _builder_version=&#8221;4.24.2&#8243; global_colors_info=&#8221;{}&#8221; hover_enabled=&#8221;0&#8243; sticky_enabled=&#8221;0&#8243; header_font_size_last_edited=&#8221;on|desktop&#8221;][\/et_pb_wc_title][et_pb_wc_price _builder_version=&#8221;4.24.2&#8243; before_sale_price_text_color=&#8221;gcid-29fc539d-c2f3-42b5-ab99-4fda24461b99&#8243; hover_enabled=&#8221;0&#8243; global_colors_info=&#8221;{%22gcid-29fc539d-c2f3-42b5-ab99-4fda24461b99%22:%91%22before_sale_price_text_color%22%93}&#8221; body_font_size_last_edited=&#8221;on|phone&#8221; body_font_size_phone=&#8221;26px&#8221; sticky_enabled=&#8221;0&#8243;][\/et_pb_wc_price][et_pb_wc_description _builder_version=&#8221;4.24.0&#8243; global_colors_info=&#8221;{}&#8221;][\/et_pb_wc_description][et_pb_wc_add_to_cart _builder_version=&#8221;4.24.2&#8243; button_bg_color=&#8221;gcid-c73ed0e8-9cc7-4be1-92d2-ff18dcaedfd6&#8243; button_border_color=&#8221;gcid-c73ed0e8-9cc7-4be1-92d2-ff18dcaedfd6&#8243; button_use_icon=&#8221;off&#8221; button_custom_padding=&#8221;|40px||38px|false|false&#8221; z_index=&#8221;10&#8243; border_color_all=&#8221;gcid-7e03a5fa-057e-4872-8e64-a47d0c2b8459&#8243; border_radii_fields=&#8221;on|6px|6px|6px|6px&#8221; global_colors_info=&#8221;{%22gcid-7e03a5fa-057e-4872-8e64-a47d0c2b8459%22:%91%22border_color_all%22%93,%22gcid-c73ed0e8-9cc7-4be1-92d2-ff18dcaedfd6%22:%91%22button_bg_color%22,%22button_border_color%22%93}&#8221;][\/et_pb_wc_add_to_cart][\/et_pb_column][\/et_pb_row][et_pb_row _builder_version=&#8221;4.24.0&#8243; _module_preset=&#8221;default&#8221; hover_enabled=&#8221;0&#8243; global_colors_info=&#8221;{}&#8221; sticky_enabled=&#8221;0&#8243;][et_pb_column type=&#8221;4_4&#8243; _builder_version=&#8221;4.24.0&#8243; _module_preset=&#8221;default&#8221; global_colors_info=&#8221;{}&#8221;][et_pb_wc_related_products _builder_version=&#8221;4.24.2&#8243; _module_preset=&#8221;default&#8221; global_colors_info=&#8221;{}&#8221; hover_enabled=&#8221;0&#8243; sticky_enabled=&#8221;0&#8243;][\/et_pb_wc_related_products][\/et_pb_column][\/et_pb_row][\/et_pb_section]<\/p>\n","protected":false},"excerpt":{"rendered":"<p>Izvirna akvarelna slika Ljubljane, Slovenija, ki prikazuje \u017eivahno sobotno jutro z ljudmi v priljubljeni kavarni s pogledom na ljubljanski grad, zgodovinske cerkve in reko Ljubljanico.<\/p>\n<p>\u017de 10 let \u017eivim v Ljubljani, zato se lahko ponosno imenujem doma\u010da ljubljanska umetnica. Ve\u010d o mojem delu si lahko preberete na strani O tem.<\/p>\n<h4 class=\"p1\">Velikost: 45 x 60 cm, pribl. 17,7\u00d723,6 palcev<\/h4>\n<div>\n<p>&nbsp;<\/p>\n<h4 class=\"p1\">\ud83d\udd8c\ufe0f<b> Podrobnosti<\/b><\/h4>\n<ul class=\"ul1\">\n<li class=\"li1\">originalna ro\u010dno naslikana slika,<\/li>\n<li class=\"li1\">100% bomba\u017e 300gsm arhivski papir,<\/li>\n<li class=\"li1\">pigmentne akvarele, ki ne bledijo,<\/li>\n<li class=\"li1\">okvir ni vklju\u010den,<\/li>\n<li class=\"li1\">navodila za nego prilo\u017eena paketu,<\/li>\n<li class=\"li1\">pri\u010dakuje se, da bo nespremenjen ve\u010d kot 200 let!<\/li>\n<\/ul>\n<h4 class=\"p1\">\u2728<b> Izvirnost in avtenti\u010dnost<\/b><\/h4>\n<p class=\"p1\">Sem slovenska slikarka, slikam in obo\u017eujem Sredozemlje \ud83c\uddf8\ud83c\uddee<\/p>\n<p class=\"p1\">Vsi izdelki v moji trgovini temeljijo na mojih originalnih slikah, naslikanih s potovanj.<\/p>\n<p class=\"p1\">Lepoto Sredozemlja \u017eelim deliti tudi z vami!<\/p>\n<p class=\"p1\"><b>\u00a0<\/b><\/p>\n<h4 class=\"p1\">\ud83c\udf81<b> Popolno darilo<\/b><\/h4>\n<p class=\"p1\">Izvirne slike so \u010dudovita darila in so \u0161e posebej premi\u0161ljeno darilo za ljubitelje potovanj in umetnosti!<\/p>\n<p class=\"p1\">Kupci jih pogosto jemljejo kot darila za rojstni dan, obletnico, poroko in vselitev.<\/p>\n<p class=\"p1\">Lahko jih podarimo direktno ali uokvirimo. Mo\u017enost zavijanja daril!<\/p>\n<p class=\"p1\">Oglejte si ve\u010d informacij v zavihkih na levi.<\/p>\n<\/div>","protected":false},"featured_media":274,"template":"","meta":{"_et_pb_use_builder":"on","_et_pb_old_content":"Original watercolor painting of Ljubljana, Slovenia showcasing a busy Saturday morning with people at a popular coffee shop with a view over the Ljubljana castle, historical churches and the river Ljubljanica.\r\n\r\nI have been living in Ljubljana for 10 years, so I can proudly call myself a local Ljubljana artist. You can read more about my work under the About page.\r\n<h4 class=\"p1\">Size: 45x60cm, approx. 17.7x23.6 inches<\/h4>\r\n<div>\r\n\r\n&nbsp;\r\n<h4 class=\"p1\">\ud83d\udd8c\ufe0f<b> Details<\/b><\/h4>\r\n<ul class=\"ul1\">\r\n \t<li class=\"li1\">an original hand-painted painting,<\/li>\r\n \t<li class=\"li1\">100% cotton 300gsm archival paper,<\/li>\r\n \t<li class=\"li1\">non-fading lightfast pigment watercolors,<\/li>\r\n \t<li class=\"li1\">frame not included,<\/li>\r\n \t<li class=\"li1\">care instructions included in the package,<\/li>\r\n \t<li class=\"li1\">expected to last unchanged for 200+ years!<\/li>\r\n<\/ul>\r\n<h4 class=\"p1\">\u2728<b> Original &amp; authentic design<\/b><\/h4>\r\n<p class=\"p1\">I am a Mediterannean watercolor artist born and based in Slovenia \ud83c\uddf8\ud83c\uddee<\/p>\r\n<p class=\"p1\">All of the items in my store are based on my original paintings painted from my travels.<\/p>\r\n<p class=\"p1\">I wish to share the beauty of the Mediterranean with you as well!<\/p>\r\n<p class=\"p1\"><b>\u00a0<\/b><\/p>\r\n\r\n<h4 class=\"p1\">\ud83c\udf81<b> Perfect gift<\/b><\/h4>\r\n<p class=\"p1\">Original paintings are wonderful gifts and make an especially thoughtful gift for travel &amp; art lovers!<\/p>\r\n<p class=\"p1\">Buyers often take them as birthday, anniversary, wedding and housewarming gifts.<\/p>\r\n<p class=\"p1\">They can either be gifted directly or framed. Gift wrapping available!<\/p>\r\n<p class=\"p1\">See more info in the tabs on the left.<\/p>\r\n\r\n<\/div>","_et_gb_content_width":""},"product_brand":[],"product_cat":[1025],"product_tag":[167,175,174,170,172,169,168,166,171,1091,173,176],"class_list":{"0":"post-241551","1":"product","2":"type-product","3":"status-publish","4":"has-post-thumbnail","6":"product_cat-original-paintings","7":"product_tag-dragon-bridge-ljubljana","8":"product_tag-european-cities-art","9":"product_tag-european-city-art","10":"product_tag-historical-chuches","11":"product_tag-ljubljana-art","12":"product_tag-ljubljana-city-center","13":"product_tag-ljubljana-old-town","14":"product_tag-ljubljana-slovenia","15":"product_tag-old-town-artwork","16":"product_tag-people-drinking-coffee","17":"product_tag-slovenia-art","18":"product_tag-slovenia-watercolor","19":"product_shipping_class-paintings-up-to-a3","21":"first","22":"instock","23":"sold-individually","24":"shipping-taxable","25":"purchasable","26":"product-type-simple"},"_links":{"self":[{"href":"https:\/\/larisacarliart.store\/sl\/wp-json\/wp\/v2\/product\/241551","targetHints":{"allow":["GET"]}}],"collection":[{"href":"https:\/\/larisacarliart.store\/sl\/wp-json\/wp\/v2\/product"}],"about":[{"href":"https:\/\/larisacarliart.store\/sl\/wp-json\/wp\/v2\/types\/product"}],"wp:featuredmedia":[{"embeddable":true,"href":"https:\/\/larisacarliart.store\/sl\/wp-json\/wp\/v2\/media\/274"}],"wp:attachment":[{"href":"https:\/\/larisacarliart.store\/sl\/wp-json\/wp\/v2\/media?parent=241551"}],"wp:term":[{"taxonomy":"product_brand","embeddable":true,"href":"https:\/\/larisacarliart.store\/sl\/wp-json\/wp\/v2\/product_brand?post=241551"},{"taxonomy":"product_cat","embeddable":true,"href":"https:\/\/larisacarliart.store\/sl\/wp-json\/wp\/v2\/product_cat?post=241551"},{"taxonomy":"product_tag","embeddable":true,"href":"https:\/\/larisacarliart.store\/sl\/wp-json\/wp\/v2\/product_tag?post=241551"}],"curies":[{"name":"wp","href":"https:\/\/api.w.org\/{rel}","templated":true}]}}