{"id":241634,"date":"2024-02-08T20:18:28","date_gmt":"2024-02-08T19:18:28","guid":{"rendered":"https:\/\/larisacarliart.store\/product\/slovenia-city-landmarks-stickers-journaling-stickers\/"},"modified":"2024-03-07T22:04:21","modified_gmt":"2024-03-07T21:04:21","slug":"popotniske-nalepke-slovenija","status":"publish","type":"product","link":"https:\/\/larisacarliart.store\/sl\/originali\/popotniske-nalepke-slovenija\/","title":{"rendered":"Nalepke Slovenije (Ljubljana, Bled, Bohinj, Ptuj, Koper)"},"content":{"rendered":"<p>[et_pb_section fb_built=&#8221;1&#8243; _builder_version=&#8221;4.24.0&#8243; global_colors_info=&#8221;{}&#8221;][et_pb_row _builder_version=&#8221;4.16&#8243; custom_padding=&#8221;0px||0px||false|false&#8221; global_colors_info=&#8221;{}&#8221;][et_pb_column type=&#8221;4_4&#8243; _builder_version=&#8221;4.16&#8243; custom_padding=&#8221;|||&#8221; global_colors_info=&#8221;{}&#8221; custom_padding__hover=&#8221;|||&#8221;][et_pb_wc_cart_notice _builder_version=&#8221;4.24.0&#8243; global_colors_info=&#8221;{}&#8221;][\/et_pb_wc_cart_notice][\/et_pb_column][\/et_pb_row][et_pb_row column_structure=&#8221;1_2,1_2&#8243; _builder_version=&#8221;4.16&#8243; global_colors_info=&#8221;{}&#8221;][et_pb_column type=&#8221;1_2&#8243; _builder_version=&#8221;4.16&#8243; custom_padding=&#8221;|||&#8221; global_colors_info=&#8221;{}&#8221; custom_padding__hover=&#8221;|||&#8221;][et_pb_wc_images sale_badge_color=&#8221;gcid-c73ed0e8-9cc7-4be1-92d2-ff18dcaedfd6&#8243; _builder_version=&#8221;4.24.0&#8243; border_radii_image=&#8221;on|4px|4px|4px|4px&#8221; global_colors_info=&#8221;{%22gcid-c73ed0e8-9cc7-4be1-92d2-ff18dcaedfd6%22:%91%22sale_badge_color%22%93}&#8221;][\/et_pb_wc_images][et_pb_wc_tabs include_tabs=&#8221;wpt-286|wpt-287|wpt-288|wpt-289||&#8221; _builder_version=&#8221;4.24.0&#8243; _module_preset=&#8221;default&#8221; global_colors_info=&#8221;{}&#8221;][\/et_pb_wc_tabs][et_pb_wc_upsells _builder_version=&#8221;4.24.0&#8243; _module_preset=&#8221;default&#8221; global_colors_info=&#8221;{}&#8221;][\/et_pb_wc_upsells][\/et_pb_column][et_pb_column type=&#8221;1_2&#8243; _builder_version=&#8221;4.16&#8243; custom_padding=&#8221;|||&#8221; global_colors_info=&#8221;{}&#8221; custom_padding__hover=&#8221;|||&#8221;][et_pb_wc_title _builder_version=&#8221;4.24.2&#8243; global_colors_info=&#8221;{}&#8221;][\/et_pb_wc_title][et_pb_wc_price _builder_version=&#8221;4.24.0&#8243; before_sale_price_text_color=&#8221;gcid-29fc539d-c2f3-42b5-ab99-4fda24461b99&#8243; global_colors_info=&#8221;{%22gcid-29fc539d-c2f3-42b5-ab99-4fda24461b99%22:%91%22before_sale_price_text_color%22%93}&#8221;][\/et_pb_wc_price][et_pb_wc_description _builder_version=&#8221;4.24.2&#8243; global_colors_info=&#8221;{}&#8221;][\/et_pb_wc_description][et_pb_wc_add_to_cart _builder_version=&#8221;4.24.0&#8243; button_bg_color=&#8221;gcid-c73ed0e8-9cc7-4be1-92d2-ff18dcaedfd6&#8243; button_border_color=&#8221;gcid-c73ed0e8-9cc7-4be1-92d2-ff18dcaedfd6&#8243; border_color_all=&#8221;gcid-7e03a5fa-057e-4872-8e64-a47d0c2b8459&#8243; global_colors_info=&#8221;{%22gcid-7e03a5fa-057e-4872-8e64-a47d0c2b8459%22:%91%22border_color_all%22%93,%22gcid-c73ed0e8-9cc7-4be1-92d2-ff18dcaedfd6%22:%91%22button_bg_color%22,%22button_border_color%22%93}&#8221;][\/et_pb_wc_add_to_cart][\/et_pb_column][\/et_pb_row][et_pb_row _builder_version=&#8221;4.24.0&#8243; _module_preset=&#8221;default&#8221; global_colors_info=&#8221;{}&#8221;][et_pb_column type=&#8221;4_4&#8243; _builder_version=&#8221;4.24.0&#8243; _module_preset=&#8221;default&#8221; global_colors_info=&#8221;{}&#8221;][et_pb_wc_related_products include_categories=&#8221;current,1041&#8243; _builder_version=&#8221;4.24.2&#8243; _module_preset=&#8221;default&#8221; global_colors_info=&#8221;{}&#8221;][\/et_pb_wc_related_products][\/et_pb_column][\/et_pb_row][\/et_pb_section]<\/p>\n","protected":false},"excerpt":{"rendered":"<p>Potovalne visokokakovostne vinilne nalepke najbolj znanih slovenskih krajev \u2013 Blejski grad, Blejsko jezero, Ljubljanski grad, Ljubljanski zmajski most, Ljubljanska zastava, Bohinjska dolina, Ptuj, obala (Koper), zastava Slovenije in Ljubljane, poslikana in oblikoval sem jaz, lokalni umetnik, ki \u017eivi v Ljubljani, Slovenija \u2764\ufe0f<\/p>\n<p>&nbsp;<\/p>\n<h4 class=\"p1\">Velikost<\/h4>\n<p class=\"p1\">12\u00d718 cm (5\u00d78\u2033), posamezne nalepke pribli\u017eno 2x4cm (1\u00d71,5\u2033).<\/p>\n<h4><\/h4>\n<h4 class=\"p1\">Podrobnosti<\/h4>\n<p class=\"p1\">Vinilne visokokavostne nalepke tiska manj\u0161e slovensko podjetje v lasti Martina (Nalepkar). Majhnost mu dovoljuje, da nalepke pripravi osebno in poskrbi, da so res brezhibne. Nalepke natisne z visokokakovostnimi barvili na vinilni papir. So vodo-odporne in odporne na UV \u017earke (ne bledijo). So res \u010dudovite!<\/p>\n<h4><\/h4>\n<h4 class=\"p1\">\u2728<b> Izvirnost in avtenti\u010dnost<\/b><\/h4>\n<p class=\"p1\">Sem slovenska slikarka, slikam in obo\u017eujem Sredozemlje \ud83c\uddf8\ud83c\uddee<\/p>\n<p class=\"p1\">Te nalepke sem oblikovala iz svojih velikih ro\u010dno-naslikanih akvarelnih slik. Veliko potujem in slikam lokacije, ki sem jih dejansko obiskala. Svetu \u017eelim pokazati, kako lepo je Sredozemlje!<\/p>\n<p class=\"p1\"><b>\u00a0<\/b><\/p>\n<h4 class=\"p1\">\ud83c\udf81<b> Popolno darilo<\/b><\/h4>\n<p class=\"p1\">\u017delela sem ustvariti nekaj majhnega za ljubitelje umetnosti in potovanj; nekaj kar si lahko privo\u0161\u010di vsak \u2013 potovalne nalepke! \u2764\ufe0f<\/p>\n<p class=\"p1\">So popolna majhna ideja za darilo za ljubitelje umetnosti in potovanj, \u0161e posebej, \u010de radi okrasijo svoje predmete ali imajo popotni\u0161ki dnevnik!<\/p>\n<h4><\/h4>\n<h4><b>Koli\u010dinski popusti<\/b><\/h4>\n<p><strong>Kupite ve\u010d, prihranite ve\u010d!<\/strong> Popusti se dodajo avtomatsko v ko\u0161arici.<\/p>","protected":false},"featured_media":242489,"template":"","meta":{"_et_pb_use_builder":"on","_et_pb_old_content":"These travel stickers are high quality vinyl stickers of Slovenia's most famous places - Bled castle, Bled lake, Ljubljana castle, Ljubljana Dragon bridge, Ljubljana flag, Bohinj valley, Ptuj, the coast (Koper), the flag of Slovenia and Ljubljana, painted and designed by me, a local artist living in Ljubljana, Slovenia \u2764\ufe0f\r\n\r\n&nbsp;\r\n<p class=\"p1\"><b>SIZE: 12x18 cm (5x8\"), individual stickers are around 2x4cm (1x1.5\") large.<\/b><\/p>\r\n<p class=\"p1\"><b>Details<\/b><\/p>\r\n<p class=\"p1\">Vinyl stickers, printed by a small Slovenian sticker printing business, owned by Martin. He takes great care the stickers are printed with high-quality dyes on vinyl paper, and are uv-resistant (non-fading) and waterproof. The saturation and details of these are wonderful!<\/p>\r\n<p class=\"p1\">\u2728<b> Original &amp; authentic design<\/b><\/p>\r\n<p class=\"p1\">I am a Mediterannean watercolor artist born and based in Slovenia \ud83c\uddf8\ud83c\uddee<\/p>\r\n<p class=\"p1\">I designed this watercolor art sticker sheet from my large original hand-painted watercolor paintings. I travel a lot and paint locations I have actually visited, it means a lot to me to be able to express and portray my vision to others. I wish to show the world just how beautiful the Mediterranean is!<\/p>\r\n<p class=\"p1\"><b>\u00a0<\/b><\/p>\r\n<p class=\"p1\">\ud83c\udf81<b> Perfect gift<\/b><\/p>\r\n<p class=\"p1\">I wanted to create something small for fellow art &amp; travel lovers that anyone can afford - travel stickers! \u2764\ufe0f I hope you and your loved ones enjoy it as much as I do \ud83d\ude0a<\/p>\r\n<p class=\"p1\">They are a perfect small gift idea for lovers of art &amp; travel, especially if they love decorating their items or they own a traveling journal!<\/p>\r\n<p class=\"p1\">See more info in the tabs below.<\/p>","_et_gb_content_width":""},"product_brand":[],"product_cat":[1042],"product_tag":[1153,199,1154,194,198,197,201,200,217,195,1152,1155,204,1156,202,205,206,203,196],"class_list":{"0":"post-241634","1":"product","2":"type-product","3":"status-publish","4":"has-post-thumbnail","6":"product_cat-travel-stickers","7":"product_tag-europe-stickers","8":"product_tag-europe-travel","9":"product_tag-european-souvenirs","10":"product_tag-journaling-stickers","11":"product_tag-lake-bled-castle","12":"product_tag-ljubljana-dragon","13":"product_tag-luggage-stickers","14":"product_tag-slovenia-art-print","15":"product_tag-slovenia-souvenirs","16":"product_tag-slovenia-stickers","17":"product_tag-slovenia-travel-stickers","18":"product_tag-spominki-slovenije","19":"product_tag-sticker-sheet-print","20":"product_tag-sticker-sheet-travel","21":"product_tag-travel-journal","22":"product_tag-travel-lover-gift","23":"product_tag-travel-scrapbook","24":"product_tag-travel-stickers","25":"product_tag-watercolor-stickers","26":"product_shipping_class-small-packages","28":"first","29":"instock","30":"shipping-taxable","31":"purchasable","32":"product-type-simple"},"_links":{"self":[{"href":"https:\/\/larisacarliart.store\/sl\/wp-json\/wp\/v2\/product\/241634","targetHints":{"allow":["GET"]}}],"collection":[{"href":"https:\/\/larisacarliart.store\/sl\/wp-json\/wp\/v2\/product"}],"about":[{"href":"https:\/\/larisacarliart.store\/sl\/wp-json\/wp\/v2\/types\/product"}],"wp:featuredmedia":[{"embeddable":true,"href":"https:\/\/larisacarliart.store\/sl\/wp-json\/wp\/v2\/media\/242489"}],"wp:attachment":[{"href":"https:\/\/larisacarliart.store\/sl\/wp-json\/wp\/v2\/media?parent=241634"}],"wp:term":[{"taxonomy":"product_brand","embeddable":true,"href":"https:\/\/larisacarliart.store\/sl\/wp-json\/wp\/v2\/product_brand?post=241634"},{"taxonomy":"product_cat","embeddable":true,"href":"https:\/\/larisacarliart.store\/sl\/wp-json\/wp\/v2\/product_cat?post=241634"},{"taxonomy":"product_tag","embeddable":true,"href":"https:\/\/larisacarliart.store\/sl\/wp-json\/wp\/v2\/product_tag?post=241634"}],"curies":[{"name":"wp","href":"https:\/\/api.w.org\/{rel}","templated":true}]}}