{"id":241655,"date":"2024-02-08T20:18:32","date_gmt":"2024-02-08T19:18:32","guid":{"rendered":"https:\/\/larisacarliart.store\/product\/new-adventures-wishes-card-year-anniversary-card\/"},"modified":"2024-03-07T22:09:51","modified_gmt":"2024-03-07T21:09:51","slug":"voscilnica-slovenija-ljubljana-zelje","status":"publish","type":"product","link":"https:\/\/larisacarliart.store\/sl\/originali\/voscilnica-slovenija-ljubljana-zelje\/","title":{"rendered":"Vo\u0161\u010dilnica Slovenija Ljubljana, Happy wishes card"},"content":{"rendered":"<p>[et_pb_section fb_built=&#8221;1&#8243; _builder_version=&#8221;4.24.0&#8243; global_colors_info=&#8221;{}&#8221;][et_pb_row _builder_version=&#8221;4.16&#8243; custom_padding=&#8221;0px||0px||false|false&#8221; global_colors_info=&#8221;{}&#8221;][et_pb_column type=&#8221;4_4&#8243; _builder_version=&#8221;4.16&#8243; custom_padding=&#8221;|||&#8221; global_colors_info=&#8221;{}&#8221; custom_padding__hover=&#8221;|||&#8221;][et_pb_wc_cart_notice _builder_version=&#8221;4.24.0&#8243; global_colors_info=&#8221;{}&#8221;][\/et_pb_wc_cart_notice][\/et_pb_column][\/et_pb_row][et_pb_row column_structure=&#8221;1_2,1_2&#8243; _builder_version=&#8221;4.16&#8243; global_colors_info=&#8221;{}&#8221;][et_pb_column type=&#8221;1_2&#8243; _builder_version=&#8221;4.16&#8243; custom_padding=&#8221;|||&#8221; global_colors_info=&#8221;{}&#8221; custom_padding__hover=&#8221;|||&#8221;][et_pb_wc_images sale_badge_color=&#8221;gcid-c73ed0e8-9cc7-4be1-92d2-ff18dcaedfd6&#8243; _builder_version=&#8221;4.24.0&#8243; border_radii_image=&#8221;on|4px|4px|4px|4px&#8221; global_colors_info=&#8221;{%22gcid-c73ed0e8-9cc7-4be1-92d2-ff18dcaedfd6%22:%91%22sale_badge_color%22%93}&#8221;][\/et_pb_wc_images][et_pb_wc_tabs include_tabs=&#8221;wpt-286|wpt-287|wpt-288|wpt-289||&#8221; _builder_version=&#8221;4.24.0&#8243; _module_preset=&#8221;default&#8221; global_colors_info=&#8221;{}&#8221;][\/et_pb_wc_tabs][et_pb_wc_upsells _builder_version=&#8221;4.24.0&#8243; _module_preset=&#8221;default&#8221; global_colors_info=&#8221;{}&#8221;][\/et_pb_wc_upsells][\/et_pb_column][et_pb_column type=&#8221;1_2&#8243; _builder_version=&#8221;4.16&#8243; custom_padding=&#8221;|||&#8221; global_colors_info=&#8221;{}&#8221; custom_padding__hover=&#8221;|||&#8221;][et_pb_wc_title _builder_version=&#8221;4.24.2&#8243; global_colors_info=&#8221;{}&#8221;][\/et_pb_wc_title][et_pb_wc_price _builder_version=&#8221;4.24.0&#8243; before_sale_price_text_color=&#8221;gcid-29fc539d-c2f3-42b5-ab99-4fda24461b99&#8243; global_colors_info=&#8221;{%22gcid-29fc539d-c2f3-42b5-ab99-4fda24461b99%22:%91%22before_sale_price_text_color%22%93}&#8221;][\/et_pb_wc_price][et_pb_wc_description _builder_version=&#8221;4.24.0&#8243; global_colors_info=&#8221;{}&#8221;][\/et_pb_wc_description][et_pb_wc_add_to_cart _builder_version=&#8221;4.24.0&#8243; button_bg_color=&#8221;gcid-c73ed0e8-9cc7-4be1-92d2-ff18dcaedfd6&#8243; button_border_color=&#8221;gcid-c73ed0e8-9cc7-4be1-92d2-ff18dcaedfd6&#8243; border_color_all=&#8221;gcid-7e03a5fa-057e-4872-8e64-a47d0c2b8459&#8243; global_colors_info=&#8221;{%22gcid-7e03a5fa-057e-4872-8e64-a47d0c2b8459%22:%91%22border_color_all%22%93,%22gcid-c73ed0e8-9cc7-4be1-92d2-ff18dcaedfd6%22:%91%22button_bg_color%22,%22button_border_color%22%93}&#8221;][\/et_pb_wc_add_to_cart][\/et_pb_column][\/et_pb_row][et_pb_row _builder_version=&#8221;4.24.0&#8243; _module_preset=&#8221;default&#8221; global_colors_info=&#8221;{}&#8221;][et_pb_column type=&#8221;4_4&#8243; _builder_version=&#8221;4.24.0&#8243; _module_preset=&#8221;default&#8221; global_colors_info=&#8221;{}&#8221;][et_pb_wc_related_products _builder_version=&#8221;4.24.0&#8243; _module_preset=&#8221;default&#8221; global_colors_info=&#8221;{}&#8221;][\/et_pb_wc_related_products][\/et_pb_column][\/et_pb_row][\/et_pb_section]<\/p>\n","protected":false},"excerpt":{"rendered":"<p>Tisk vo\u0161\u010dilnice z novoletnimi \u017eeljami Ljubljane, prelepe zelene prestolnice Slovenije. Univerzalno se lahko uporablja za vse letne prilo\u017enosti \u2013 rojstne dneve, novo leto, bo\u017ei\u010d in vse obletnice.<\/p>\n<p>&nbsp;<\/p>\n<p class=\"p1\"><strong>Velikost: 11 x 15 cm (pribl. 4 x 6 palcev),<\/strong><\/p>\n<p class=\"p1\"><b>\u00a0<\/b><\/p>\n<h4 class=\"p1\"><strong>\u2728 Izvirna in avtenti\u010dna oblika<\/strong><\/h4>\n<p class=\"p1\">To je mala umetni\u0161ka grafika v obliki vo\u0161\u010dilnice, ki je nastala iz moje originalne akvarelne slike. Sem sredozemski umetnik akvarela, rojen in \u017eive\u010d v Sloveniji \ud83c\uddf8\ud83c\uddee\u2764\ufe0f<\/p>\n<p class=\"p1\">Vse vo\u0161\u010dilnice tiskam in pakiram sama.<\/p>\n<p class=\"p1\">Lepoto Sredozemlja \u017eelim deliti tudi z vami!<\/p>\n<p class=\"p1\"><b>\u00a0<\/b><\/p>\n<h4 class=\"p1\">\ud83c\udf81<b> Popolno darilo<\/b><\/h4>\n<p class=\"p1\">Umetni\u0161ke vo\u0161\u010dilnice so odli\u010dne kot zahvala, \u010destitke za rojstni dan ali samo pozdrav, pa tudi lepi dodatki drugim darilom.<\/p>\n<p class=\"p1\">So \u0161e posebej premi\u0161ljeno darilo za ljubitelje potovanj in umetnosti!<\/p>\n<h4 class=\"p1\">\ud83c\udfa8 <b>Podrobnosti<\/b><\/h4>\n<ul class=\"ul1\">\n<li class=\"li1\">eno vo\u0161\u010dilnico s kuverto,<\/li>\n<li class=\"li1\">Mat arhivski papir Epson 190 g\/m2,<\/li>\n<li class=\"li1\">prazen prostor za va\u0161e osebno sporo\u010dilo.<\/li>\n<\/ul>\n<p class=\"p1\"><b>\u00a0<\/b><\/p>\n<h4 class=\"p1\"><b>Koli\u010dinski popusti<\/b><\/h4>\n<p class=\"p1\"><b>Kupite ve\u010d, prihranite ve\u010d!<\/b> Popusti se dodajo avtomatsko v ko\u0161arici.<\/p>","protected":false},"featured_media":257125,"template":"","meta":{"_et_pb_use_builder":"on","_et_pb_old_content":"A greeting card print with happy new year wishes of Ljubljana, the beautiful green capital of Slovenia. Can be used universally for any yearly occasion - birthdays, New Year, Christmas and any anniversaries.\r\n\r\n&nbsp;\r\n<h4 class=\"p1\">Size: 11 x 15 cm (approx. 4 x 6 inches).<\/h4>\r\n<p class=\"p1\"><b>\u00a0<\/b><\/p>\r\n\r\n<h4 class=\"p1\"><strong>\u2728 Original &amp; authentic design<\/strong><\/h4>\r\n<p class=\"p1\">This is a small art print in the form of a greeting card, created from my original watercolor painting. I am a Mediterannean watercolor artist born and based in Slovenia \ud83c\uddf8\ud83c\uddee\u2764\ufe0f<\/p>\r\n<p class=\"p1\">I print and package all greeting cards myself.<\/p>\r\n<p class=\"p1\">I wish to share the beauty of the Mediterranean with you as well!<\/p>\r\n<p class=\"p1\"><b>\u00a0<\/b><\/p>\r\n\r\n<h4 class=\"p1\">\ud83c\udf81<b> Perfect gift<\/b><\/h4>\r\n<p class=\"p1\">Art greeting cards are great as a thank you, happy birthday or just a hello card, as well as beautiful additions to other gifts.<\/p>\r\n<p class=\"p1\">They make an especially thoughtful gift for travel &amp; art lovers!<\/p>\r\n\r\n<h4><\/h4>\r\n<h4 class=\"p1\">\ud83c\udfa8 <b>Details<\/b><\/h4>\r\n<ul class=\"ul1\">\r\n \t<li class=\"li1\">one greeting card with envelope,<\/li>\r\n \t<li class=\"li1\">Epson Matte archival 190gsm paper,<\/li>\r\n \t<li class=\"li1\">empty space inside for your personal message.<\/li>\r\n<\/ul>\r\n<p class=\"p1\"><b>\u00a0<\/b><\/p>\r\n\r\n<h4 class=\"p1\"><b>Bulk discounts<\/b><\/h4>\r\n<p class=\"p1\"><b>Buy more, save more!<\/b> Discounts added on top of other discounts, applied automatically in cart.<\/p>\r\n\r\n<ul class=\"ul1\">\r\n \t<li class=\"li1\">2+ items for 5% additional discount,<\/li>\r\n \t<li class=\"li1\">3+ items for 10% off,<\/li>\r\n \t<li class=\"li1\">5+ items for 15% off,<\/li>\r\n \t<li class=\"li1\">10+ items for 20% off.<\/li>\r\n<\/ul>\r\n<p class=\"p1\">See more info in the tabs on the left.<\/p>","_et_gb_content_width":""},"product_brand":[],"product_cat":[1043],"product_tag":[416,430,429,426,425,283,428,1203,407,410,172,1205,1107,427,408,284,321,1204,263,276],"class_list":{"0":"post-241655","1":"product","2":"type-product","3":"status-publish","4":"has-post-thumbnail","6":"product_cat-greeting-cards","7":"product_tag-1-anniversary-card","8":"product_tag-art-gift-for-her","9":"product_tag-birthday-gift","10":"product_tag-city-greeting-card","11":"product_tag-city-watercolor","12":"product_tag-gift-for-anniversary","13":"product_tag-gift-for-art-lover","14":"product_tag-greeting-card-slovenia","15":"product_tag-happy-birthday-card","16":"product_tag-happy-wishes-card","17":"product_tag-ljubljana-art","18":"product_tag-ljubljana-river","19":"product_tag-ljubljanica-bridge","20":"product_tag-new-adventures-card","21":"product_tag-new-year-card","22":"product_tag-preseren-square","23":"product_tag-presernov-trg","24":"product_tag-slovenia-ljubljana-art","25":"product_tag-travel-gift","26":"product_tag-watercolor-art-print","27":"product_shipping_class-small-packages","29":"first","30":"instock","31":"shipping-taxable","32":"purchasable","33":"product-type-simple"},"_links":{"self":[{"href":"https:\/\/larisacarliart.store\/sl\/wp-json\/wp\/v2\/product\/241655","targetHints":{"allow":["GET"]}}],"collection":[{"href":"https:\/\/larisacarliart.store\/sl\/wp-json\/wp\/v2\/product"}],"about":[{"href":"https:\/\/larisacarliart.store\/sl\/wp-json\/wp\/v2\/types\/product"}],"wp:featuredmedia":[{"embeddable":true,"href":"https:\/\/larisacarliart.store\/sl\/wp-json\/wp\/v2\/media\/257125"}],"wp:attachment":[{"href":"https:\/\/larisacarliart.store\/sl\/wp-json\/wp\/v2\/media?parent=241655"}],"wp:term":[{"taxonomy":"product_brand","embeddable":true,"href":"https:\/\/larisacarliart.store\/sl\/wp-json\/wp\/v2\/product_brand?post=241655"},{"taxonomy":"product_cat","embeddable":true,"href":"https:\/\/larisacarliart.store\/sl\/wp-json\/wp\/v2\/product_cat?post=241655"},{"taxonomy":"product_tag","embeddable":true,"href":"https:\/\/larisacarliart.store\/sl\/wp-json\/wp\/v2\/product_tag?post=241655"}],"curies":[{"name":"wp","href":"https:\/\/api.w.org\/{rel}","templated":true}]}}