{"id":241691,"date":"2024-02-08T20:18:41","date_gmt":"2024-02-08T19:18:41","guid":{"rendered":"https:\/\/larisacarliart.store\/product\/framed-original-corralejo-beach-fuerteventura\/"},"modified":"2024-05-25T13:31:14","modified_gmt":"2024-05-25T11:31:14","slug":"uokvirjena-plaza-lanzarote-papagayo","status":"publish","type":"product","link":"https:\/\/larisacarliart.store\/sl\/originali\/uokvirjena-plaza-lanzarote-papagayo\/","title":{"rendered":"Pla\u017ea Lanzarote Papagayo, originalni gva\u0161 na Kanarskih otokih (Okvirjen original)"},"content":{"rendered":"<p>[et_pb_section fb_built=&#8221;1&#8243; _builder_version=&#8221;4.24.0&#8243; global_colors_info=&#8221;{}&#8221;][et_pb_row _builder_version=&#8221;4.16&#8243; custom_padding=&#8221;0px||0px||false|false&#8221; global_colors_info=&#8221;{}&#8221;][et_pb_column type=&#8221;4_4&#8243; _builder_version=&#8221;4.16&#8243; custom_padding=&#8221;|||&#8221; global_colors_info=&#8221;{}&#8221; custom_padding__hover=&#8221;|||&#8221;][et_pb_wc_cart_notice _builder_version=&#8221;4.24.0&#8243; global_colors_info=&#8221;{}&#8221;][\/et_pb_wc_cart_notice][\/et_pb_column][\/et_pb_row][et_pb_row column_structure=&#8221;1_2,1_2&#8243; _builder_version=&#8221;4.16&#8243; global_colors_info=&#8221;{}&#8221;][et_pb_column type=&#8221;1_2&#8243; _builder_version=&#8221;4.16&#8243; custom_padding=&#8221;|||&#8221; global_colors_info=&#8221;{}&#8221; custom_padding__hover=&#8221;|||&#8221;][et_pb_wc_images _builder_version=&#8221;4.24.0&#8243; border_radii_image=&#8221;on|4px|4px|4px|4px&#8221; global_colors_info=&#8221;{%22gcid-c73ed0e8-9cc7-4be1-92d2-ff18dcaedfd6%22:%91%22sale_badge_color%22%93}&#8221;][\/et_pb_wc_images][et_pb_wc_tabs include_tabs=&#8221;wpt-286|wpt-287|wpt-288|wpt-289||&#8221; _builder_version=&#8221;4.24.0&#8243; _module_preset=&#8221;default&#8221; global_colors_info=&#8221;{}&#8221;][\/et_pb_wc_tabs][et_pb_wc_upsells _builder_version=&#8221;4.24.0&#8243; _module_preset=&#8221;default&#8221; global_colors_info=&#8221;{}&#8221;][\/et_pb_wc_upsells][\/et_pb_column][et_pb_column type=&#8221;1_2&#8243; _builder_version=&#8221;4.16&#8243; custom_padding=&#8221;|||&#8221; global_colors_info=&#8221;{}&#8221; custom_padding__hover=&#8221;|||&#8221;][et_pb_wc_title _builder_version=&#8221;4.24.0&#8243; header_font=&#8221;Times New Roman||||||||&#8221; global_colors_info=&#8221;{}&#8221;][\/et_pb_wc_title][et_pb_wc_price _builder_version=&#8221;4.24.0&#8243; global_colors_info=&#8221;{%22gcid-29fc539d-c2f3-42b5-ab99-4fda24461b99%22:%91%22before_sale_price_text_color%22%93}&#8221;][\/et_pb_wc_price][et_pb_wc_description _builder_version=&#8221;4.24.0&#8243; global_colors_info=&#8221;{}&#8221;][\/et_pb_wc_description][et_pb_wc_add_to_cart _builder_version=&#8221;4.24.0&#8243; border_color_all=&#8221;gcid-7e03a5fa-057e-4872-8e64-a47d0c2b8459&#8243; global_colors_info=&#8221;{%22gcid-7e03a5fa-057e-4872-8e64-a47d0c2b8459%22:%91%22border_color_all%22%93,%22gcid-c73ed0e8-9cc7-4be1-92d2-ff18dcaedfd6%22:%91%22button_bg_color%22,%22button_border_color%22%93}&#8221;][\/et_pb_wc_add_to_cart][\/et_pb_column][\/et_pb_row][et_pb_row _builder_version=&#8221;4.24.0&#8243; _module_preset=&#8221;default&#8221; global_colors_info=&#8221;{}&#8221;][et_pb_column type=&#8221;4_4&#8243; _builder_version=&#8221;4.24.0&#8243; _module_preset=&#8221;default&#8221; global_colors_info=&#8221;{}&#8221;][et_pb_wc_related_products _builder_version=&#8221;4.24.0&#8243; _module_preset=&#8221;default&#8221; global_colors_info=&#8221;{}&#8221;][\/et_pb_wc_related_products][\/et_pb_column][\/et_pb_row][\/et_pb_section]<\/p>\n","protected":false},"excerpt":{"rendered":"<p>\u010cudovita skrita pla\u017ea za pe\u010dinami Papagayo na Lanzarotu, Kanarski otoki, \u0160panija.<\/p>\n<h5 class=\"p1\">VELIKOST: 12x20cm ali 5\u00d78 in\u010dev (notranje mere slike).<\/h5>\n<p>&nbsp;<\/p>\n<h4 class=\"p1\">\ud83c\udfa8 Podrobnosti<\/h4>\n<ul class=\"ul1\">\n<li class=\"li2\">Originalna ro\u010dno poslikana slika,<\/li>\n<li class=\"li2\">Arhivski 100% bomba\u017e 300+gsm teksturiran papir,<\/li>\n<li class=\"li2\">Pigmentne barve vrhunske kakovosti, ki ne zbledijo,<\/li>\n<li>Profesionalno uokvirjen s \u010dvrstim okvirjem iz kakovostnega hrastovega lesa.<\/li>\n<\/ul>\n<p>&nbsp;<\/p>\n<h4 class=\"p1\">\u2728 Izvirna in avtenti\u010dna oblika<\/h4>\n<p class=\"p1\">Sem slovenska slikarka, slikam in obo\u017eujem Sredozemlje \ud83c\uddf8\ud83c\uddee<\/p>\n<p class=\"p1\">Vsi izdelki v moji trgovini temeljijo na mojih originalnih slikah, naslikanih s potovanj.<\/p>\n<p class=\"p1\">Lepoto Sredozemlja \u017eelim deliti tudi z vami!<\/p>\n<h4><\/h4>\n<h4 class=\"p1\">\ud83c\udf81 Popolno darilo<\/h4>\n<p class=\"p1\">Izvirne slike so \u010dudovita darila in so \u0161e posebej premi\u0161ljeno darilo za ljubitelje potovanj in umetnosti!<\/p>\n<p class=\"p1\">Kupci jih pogosto jemljejo kot darila za rojstni dan, obletnico, poroko in vselitev.<\/p>\n<p class=\"p1\">Lahko jih podarimo direktno ali uokvirimo. Mo\u017enost zavijanja daril!<\/p>\n<p>&nbsp;<\/p>\n<p class=\"p1\">Oglejte si ve\u010d informacij v zavihkih na levi.<\/p>","protected":false},"featured_media":242251,"template":"","meta":{"_et_pb_use_builder":"on","_et_pb_old_content":"A wonderful hidden beach behind the Papagayo cliffs on Lanzarote, Canary islands, Spain.\r\n<p class=\"p1\">Profesionally framed with a sturdy quality oak wood frame.<\/p>\r\n<p class=\"p1\"><b>SIZE: 12x20cm or 5x8 inches (inner painting dimensions).<\/b><\/p>\r\n<p class=\"p1\">\u2728<b> Original &amp; authentic design<\/b><\/p>\r\n<p class=\"p1\">I am a Mediterannean watercolor artist born and based in Slovenia \ud83c\uddf8\ud83c\uddee<\/p>\r\n<p class=\"p1\">All of the items in my store are based on my original paintings painted from my travels.<\/p>\r\n<p class=\"p1\">I wish to share the beauty of the Mediterranean with you as well!<\/p>\r\n<p class=\"p1\"><b>\u00a0<\/b><\/p>\r\n<p class=\"p1\">\ud83c\udf81<b> Perfect gift<\/b><\/p>\r\n<p class=\"p1\">Original paintings are wonderful gifts and make an especially thoughtful gift for travel &amp; art lovers!<\/p>\r\n<p class=\"p1\">Buyers often take them as birthday, anniversary, wedding and housewarming gifts.<\/p>\r\n<p class=\"p1\">They can either be gifted directly or framed. Gift wrapping available!<\/p>\r\n<p class=\"p1\">See more info in the tabs below.<\/p>","_et_gb_content_width":""},"product_brand":[],"product_cat":[1029],"product_tag":[523,491,273,311,502,527,501,401,526,182,494,511,510,509,500],"class_list":{"0":"post-241691","1":"product","2":"type-product","3":"status-publish","4":"has-post-thumbnail","6":"product_cat-framed-artworks","7":"product_tag-beach-painting","8":"product_tag-canarian-islands","9":"product_tag-canaries-lanzarote","10":"product_tag-european-artists","11":"product_tag-framed-artwork","12":"product_tag-furteventura-rocks","13":"product_tag-hand-painted-gift","14":"product_tag-lanzarote-papagayo","15":"product_tag-lanzarote-travel-sea","16":"product_tag-mediterannean-art","17":"product_tag-ocean-waves","18":"product_tag-papagayo-canarias","19":"product_tag-perfect-beach","20":"product_tag-seascape-painting","21":"product_tag-wave-artwork","22":"product_shipping_class-large-framed-paintings","24":"first","25":"instock","26":"sold-individually","27":"shipping-taxable","28":"purchasable","29":"product-type-simple"},"_links":{"self":[{"href":"https:\/\/larisacarliart.store\/sl\/wp-json\/wp\/v2\/product\/241691","targetHints":{"allow":["GET"]}}],"collection":[{"href":"https:\/\/larisacarliart.store\/sl\/wp-json\/wp\/v2\/product"}],"about":[{"href":"https:\/\/larisacarliart.store\/sl\/wp-json\/wp\/v2\/types\/product"}],"wp:featuredmedia":[{"embeddable":true,"href":"https:\/\/larisacarliart.store\/sl\/wp-json\/wp\/v2\/media\/242251"}],"wp:attachment":[{"href":"https:\/\/larisacarliart.store\/sl\/wp-json\/wp\/v2\/media?parent=241691"}],"wp:term":[{"taxonomy":"product_brand","embeddable":true,"href":"https:\/\/larisacarliart.store\/sl\/wp-json\/wp\/v2\/product_brand?post=241691"},{"taxonomy":"product_cat","embeddable":true,"href":"https:\/\/larisacarliart.store\/sl\/wp-json\/wp\/v2\/product_cat?post=241691"},{"taxonomy":"product_tag","embeddable":true,"href":"https:\/\/larisacarliart.store\/sl\/wp-json\/wp\/v2\/product_tag?post=241691"}],"curies":[{"name":"wp","href":"https:\/\/api.w.org\/{rel}","templated":true}]}}