{"id":242329,"date":"2024-02-24T13:28:13","date_gmt":"2024-02-24T12:28:13","guid":{"rendered":"https:\/\/larisacarliart.store\/?post_type=product&#038;p=242329"},"modified":"2024-03-09T09:47:41","modified_gmt":"2024-03-09T08:47:41","slug":"hrvaska-dalmacija-borovci-tisk","status":"publish","type":"product","link":"https:\/\/larisacarliart.store\/sl\/originali\/hrvaska-dalmacija-borovci-tisk\/","title":{"rendered":"Hrva\u0161ka Dalmacija Borovi, print"},"content":{"rendered":"<p>[et_pb_section fb_built=&#8221;1&#8243; _builder_version=&#8221;4.24.0&#8243; global_colors_info=&#8221;{}&#8221;][et_pb_row _builder_version=&#8221;4.16&#8243; custom_padding=&#8221;0px||0px||false|false&#8221; global_colors_info=&#8221;{}&#8221;][et_pb_column type=&#8221;4_4&#8243; _builder_version=&#8221;4.16&#8243; custom_padding=&#8221;|||&#8221; global_colors_info=&#8221;{}&#8221; custom_padding__hover=&#8221;|||&#8221;][et_pb_wc_cart_notice _builder_version=&#8221;4.24.0&#8243; global_colors_info=&#8221;{}&#8221;][\/et_pb_wc_cart_notice][\/et_pb_column][\/et_pb_row][et_pb_row column_structure=&#8221;1_2,1_2&#8243; _builder_version=&#8221;4.16&#8243; global_colors_info=&#8221;{}&#8221;][et_pb_column type=&#8221;1_2&#8243; _builder_version=&#8221;4.16&#8243; custom_padding=&#8221;|||&#8221; global_colors_info=&#8221;{}&#8221; custom_padding__hover=&#8221;|||&#8221;][et_pb_wc_images sale_badge_color=&#8221;gcid-c73ed0e8-9cc7-4be1-92d2-ff18dcaedfd6&#8243; _builder_version=&#8221;4.24.0&#8243; border_radii_image=&#8221;on|4px|4px|4px|4px&#8221; global_colors_info=&#8221;{%22gcid-c73ed0e8-9cc7-4be1-92d2-ff18dcaedfd6%22:%91%22sale_badge_color%22%93}&#8221;][\/et_pb_wc_images][et_pb_wc_tabs include_tabs=&#8221;wpt-286|wpt-287|wpt-288|wpt-289||&#8221; _builder_version=&#8221;4.24.0&#8243; _module_preset=&#8221;default&#8221; global_colors_info=&#8221;{}&#8221;][\/et_pb_wc_tabs][et_pb_wc_upsells _builder_version=&#8221;4.24.0&#8243; _module_preset=&#8221;default&#8221; global_colors_info=&#8221;{}&#8221;][\/et_pb_wc_upsells][\/et_pb_column][et_pb_column type=&#8221;1_2&#8243; _builder_version=&#8221;4.16&#8243; custom_padding=&#8221;|||&#8221; global_colors_info=&#8221;{}&#8221; custom_padding__hover=&#8221;|||&#8221;][et_pb_wc_title _builder_version=&#8221;4.24.2&#8243; global_colors_info=&#8221;{}&#8221;][\/et_pb_wc_title][et_pb_wc_price _builder_version=&#8221;4.24.0&#8243; before_sale_price_text_color=&#8221;gcid-29fc539d-c2f3-42b5-ab99-4fda24461b99&#8243; global_colors_info=&#8221;{%22gcid-29fc539d-c2f3-42b5-ab99-4fda24461b99%22:%91%22before_sale_price_text_color%22%93}&#8221;][\/et_pb_wc_price][et_pb_wc_description _builder_version=&#8221;4.24.0&#8243; global_colors_info=&#8221;{}&#8221;][\/et_pb_wc_description][et_pb_wc_add_to_cart _builder_version=&#8221;4.24.2&#8243; dropdown_menus_custom_margin=&#8221;13px||||false|false&#8221; field_label_font_size=&#8221;20px&#8221; dropdown_menus_font_size=&#8221;20px&#8221; dropdown_menus_letter_spacing=&#8221;1px&#8221; button_bg_color=&#8221;gcid-c73ed0e8-9cc7-4be1-92d2-ff18dcaedfd6&#8243; button_border_color=&#8221;gcid-c73ed0e8-9cc7-4be1-92d2-ff18dcaedfd6&#8243; custom_margin=&#8221;10px||10px||false|false&#8221; custom_padding=&#8221;10px||10px||false|false&#8221; border_radii=&#8221;on|6px|6px|6px|6px&#8221; border_color_all=&#8221;gcid-7e03a5fa-057e-4872-8e64-a47d0c2b8459&#8243; border_radii_fields=&#8221;on|6px|6px|6px|6px&#8221; box_shadow_style_button=&#8221;none&#8221; global_colors_info=&#8221;{%22gcid-7e03a5fa-057e-4872-8e64-a47d0c2b8459%22:%91%22border_color_all%22%93,%22gcid-c73ed0e8-9cc7-4be1-92d2-ff18dcaedfd6%22:%91%22button_bg_color%22,%22button_border_color%22%93}&#8221;][\/et_pb_wc_add_to_cart][\/et_pb_column][\/et_pb_row][et_pb_row _builder_version=&#8221;4.24.2&#8243; _module_preset=&#8221;default&#8221; module_alignment=&#8221;center&#8221; global_colors_info=&#8221;{}&#8221;][et_pb_column type=&#8221;4_4&#8243; _builder_version=&#8221;4.24.0&#8243; _module_preset=&#8221;default&#8221; global_colors_info=&#8221;{}&#8221;][et_pb_wc_related_products _builder_version=&#8221;4.24.2&#8243; _module_preset=&#8221;default&#8221; global_colors_info=&#8221;{}&#8221;][\/et_pb_wc_related_products][\/et_pb_column][\/et_pb_row][\/et_pb_section]<\/p>\n","protected":false},"excerpt":{"rendered":"<p>\u010cudovit umetni\u0161ki tisk borovcev Hrva\u0161ka Dalmacija, natisnjen na umetni\u0161ki papir. Na podlagi moje originalne slike, ki je \u017ee bila prodana. Tako z veseljem zdaj ponujam tudi njegove natise!<\/p>\n<p>Uporabljam te\u017eek 310 g\/m2 naraven in arhivski papir Hahnemuhle z originalnimi \u010drnili Canon. Teksturiran papir daje odtisom \u010dudovit videz akvarela.<\/p>\n<p>Ro\u010dno podpisano z arhivskim \u010drnilom.<\/p>\n<p>&nbsp;<\/p>\n<p class=\"p1\">\u2728<b> Izvirnost in avtenti\u010dnost<\/b><\/p>\n<p class=\"p1\">Sem slovenska slikarka, slikam in obo\u017eujem Sredozemlje \ud83c\uddf8\ud83c\uddee<\/p>\n<p class=\"p1\">Vsi izdelki v moji trgovini temeljijo na mojih originalnih slikah, naslikanih s potovanj.<\/p>\n<p class=\"p1\">Lepoto Sredozemlja \u017eelim deliti tudi z vami!<\/p>\n<p class=\"p1\"><b>\u00a0<\/b><\/p>\n<p class=\"p1\">\ud83c\udf81<b> Popolno darilo<\/b><\/p>\n<p class=\"p1\">Umetni\u0161ki tiski so \u010dudovita darila in so \u0161e posebej premi\u0161ljeno darilo za ljubitelje potovanj in umetnosti!<\/p>\n<p class=\"p1\">Kupci jih pogosto jemljejo kot darila za rojstni dan, bo\u017ei\u010d ali ob vselitvi.<\/p>\n<p class=\"p1\">Lahko jih podarite direktno ali okvirjene. Ponujam mo\u017enost zavijanja daril. V kolikor bi \u017eeleli okvir naro\u010diti preko mene, me kontaktirajte.<\/p>\n<p>&nbsp;<\/p>\n<p class=\"p1\"><strong><span class=\"s1\">\ud83d\uddbc\ufe0f<\/span> Standardne velikosti okvirjev<\/strong><\/p>\n<p class=\"p1\">Svoje printe oblikujem v razmerjih 2 : 3 in 3 : 4 in jih ponujam v standardnih velikostih okvirjev, zaradi \u010desar jih je enostavno uokviriti s okvirji, ki so na voljo v trgovinah. Za vsak tisk ponujam 3-4 razli\u010dne velikosti. Pred dodajanju artikla v ko\u0161arico ozna\u010dite, katero velikost \u017eelite.\nUpo\u0161tevajte, da ima print \u0161e 2 cm standardnega robu. \u010ce \u017eelite imeti print do roba ali z manj\u0161im robom, mi to lahko sporo\u010dite pred oddajo poro\u010dila v okencu za Opombe.<\/p>\n<p class=\"p1\">Oglejte si ve\u010d informacij v spodnjih zavihkih.<\/p>","protected":false},"featured_media":242287,"template":"","meta":{"_et_pb_use_builder":"on","_et_pb_old_content":"A beautiful art print of Croatia Dalmatia pine trees, printed on fine art paper. Based on my original painting that has already been sold. So happy to offer prints of it as well now!\r\n\r\nI use heavy-weight 310gsm natural and archival paper from Hahnemuhle with original Canon dye inks. The textured paper gives prints a beautiful look of a watercolor.\r\n\r\nHand-signed with archival ink.\r\n\r\n&nbsp;\r\n<p class=\"p1\">\u2728<b> Original &amp; authentic design<\/b><\/p>\r\n<p class=\"p1\">I am a Mediterannean watercolor artist born and based in Slovenia \ud83c\uddf8\ud83c\uddee<\/p>\r\n<p class=\"p1\">All of the items in my store are based on my original paintings painted from my travels.<\/p>\r\n<p class=\"p1\">I wish to share the beauty of the Mediterranean with you as well!<\/p>\r\n<p class=\"p1\"><b>\u00a0<\/b><\/p>\r\n<p class=\"p1\">\ud83c\udf81<b> Perfect gift<\/b><\/p>\r\n<p class=\"p1\">Art prints are wonderful gifts and make an especially thoughtful gift for travel &amp; art lovers!<\/p>\r\n<p class=\"p1\">Buyers often take them as birthday, Christmas and housewarming gifts.<\/p>\r\n<p class=\"p1\">They can either be gifted directly or additionally framed. Gift wrapping available.<\/p>\r\n&nbsp;\r\n<p class=\"p1\"><strong><span class=\"s1\">\ud83d\uddbc\ufe0f<\/span> Standard frame sizes<\/strong><\/p>\r\n<p class=\"p1\">I design my prints in ratios 2:3 and 3:4 and offer them in standard frame sizes for the EU, UK and USA market, making them easy to be framed with any readily-available frames. I offer 3-4 different sizes for each print, you can choose which one you would like to get when adding the item to your cart.<\/p>\r\n<p class=\"p1\">See more info in the tabs below.<\/p>","_et_gb_content_width":""},"product_brand":[],"product_cat":[1032],"product_tag":[794,192,366,351,183,485,182,694,181,264,422],"class_list":{"0":"post-242329","1":"product","2":"type-product","3":"status-publish","4":"has-post-thumbnail","6":"product_cat-fine-art-prints","7":"product_tag-beach-pine-trees","8":"product_tag-croatia-dalmatia","9":"product_tag-croatia-pine-trees","10":"product_tag-european-city-gift","11":"product_tag-fine-art-print","12":"product_tag-hrvatska-dalmacija","13":"product_tag-mediterannean-art","14":"product_tag-mediterannean-coast","15":"product_tag-travel-poster-europe","16":"product_tag-traveler-souvenir","17":"product_tag-wall-art-slovenia","18":"product_shipping_class-paintings-up-to-a3","20":"first","21":"instock","22":"sale","23":"shipping-taxable","24":"purchasable","25":"product-type-variable","26":"has-default-attributes"},"_links":{"self":[{"href":"https:\/\/larisacarliart.store\/sl\/wp-json\/wp\/v2\/product\/242329","targetHints":{"allow":["GET"]}}],"collection":[{"href":"https:\/\/larisacarliart.store\/sl\/wp-json\/wp\/v2\/product"}],"about":[{"href":"https:\/\/larisacarliart.store\/sl\/wp-json\/wp\/v2\/types\/product"}],"wp:featuredmedia":[{"embeddable":true,"href":"https:\/\/larisacarliart.store\/sl\/wp-json\/wp\/v2\/media\/242287"}],"wp:attachment":[{"href":"https:\/\/larisacarliart.store\/sl\/wp-json\/wp\/v2\/media?parent=242329"}],"wp:term":[{"taxonomy":"product_brand","embeddable":true,"href":"https:\/\/larisacarliart.store\/sl\/wp-json\/wp\/v2\/product_brand?post=242329"},{"taxonomy":"product_cat","embeddable":true,"href":"https:\/\/larisacarliart.store\/sl\/wp-json\/wp\/v2\/product_cat?post=242329"},{"taxonomy":"product_tag","embeddable":true,"href":"https:\/\/larisacarliart.store\/sl\/wp-json\/wp\/v2\/product_tag?post=242329"}],"curies":[{"name":"wp","href":"https:\/\/api.w.org\/{rel}","templated":true}]}}