{"id":257295,"date":"2024-03-03T21:02:36","date_gmt":"2024-03-03T20:02:36","guid":{"rendered":"https:\/\/larisacarliart.store\/?post_type=product&#038;p=257295"},"modified":"2024-03-03T21:49:56","modified_gmt":"2024-03-03T20:49:56","slug":"luksuzno-darilno-zavijanje","status":"publish","type":"product","link":"https:\/\/larisacarliart.store\/sl\/originali\/luksuzno-darilno-zavijanje\/","title":{"rendered":"Luksuzno darilno zavijanje"},"content":{"rendered":"<p>[et_pb_section fb_built=&#8221;1&#8243; _builder_version=&#8221;4.24.0&#8243; global_colors_info=&#8221;{}&#8221;][et_pb_row _builder_version=&#8221;4.16&#8243; custom_padding=&#8221;0px||0px||false|false&#8221; global_colors_info=&#8221;{}&#8221;][et_pb_column type=&#8221;4_4&#8243; _builder_version=&#8221;4.16&#8243; custom_padding=&#8221;|||&#8221; global_colors_info=&#8221;{}&#8221; custom_padding__hover=&#8221;|||&#8221;][et_pb_wc_cart_notice _builder_version=&#8221;4.24.0&#8243; global_colors_info=&#8221;{}&#8221;][\/et_pb_wc_cart_notice][\/et_pb_column][\/et_pb_row][et_pb_row column_structure=&#8221;1_2,1_2&#8243; _builder_version=&#8221;4.16&#8243; global_colors_info=&#8221;{}&#8221;][et_pb_column type=&#8221;1_2&#8243; _builder_version=&#8221;4.16&#8243; custom_padding=&#8221;|||&#8221; global_colors_info=&#8221;{}&#8221; custom_padding__hover=&#8221;|||&#8221;][et_pb_wc_images sale_badge_color=&#8221;gcid-c73ed0e8-9cc7-4be1-92d2-ff18dcaedfd6&#8243; _builder_version=&#8221;4.24.0&#8243; border_radii_image=&#8221;on|4px|4px|4px|4px&#8221; global_colors_info=&#8221;{%22gcid-c73ed0e8-9cc7-4be1-92d2-ff18dcaedfd6%22:%91%22sale_badge_color%22%93}&#8221;][\/et_pb_wc_images][\/et_pb_column][et_pb_column type=&#8221;1_2&#8243; _builder_version=&#8221;4.16&#8243; custom_padding=&#8221;|||&#8221; global_colors_info=&#8221;{}&#8221; custom_padding__hover=&#8221;|||&#8221;][et_pb_wc_title _builder_version=&#8221;4.24.2&#8243; global_colors_info=&#8221;{}&#8221;][\/et_pb_wc_title][et_pb_wc_price _builder_version=&#8221;4.24.0&#8243; before_sale_price_text_color=&#8221;gcid-29fc539d-c2f3-42b5-ab99-4fda24461b99&#8243; global_colors_info=&#8221;{%22gcid-29fc539d-c2f3-42b5-ab99-4fda24461b99%22:%91%22before_sale_price_text_color%22%93}&#8221;][\/et_pb_wc_price][et_pb_wc_description _builder_version=&#8221;4.24.0&#8243; global_colors_info=&#8221;{}&#8221;][\/et_pb_wc_description][et_pb_wc_add_to_cart _builder_version=&#8221;4.24.0&#8243; button_bg_color=&#8221;gcid-c73ed0e8-9cc7-4be1-92d2-ff18dcaedfd6&#8243; button_border_color=&#8221;gcid-c73ed0e8-9cc7-4be1-92d2-ff18dcaedfd6&#8243; border_color_all=&#8221;gcid-7e03a5fa-057e-4872-8e64-a47d0c2b8459&#8243; global_colors_info=&#8221;{%22gcid-7e03a5fa-057e-4872-8e64-a47d0c2b8459%22:%91%22border_color_all%22%93,%22gcid-c73ed0e8-9cc7-4be1-92d2-ff18dcaedfd6%22:%91%22button_bg_color%22,%22button_border_color%22%93}&#8221;][\/et_pb_wc_add_to_cart][et_pb_wc_upsells _builder_version=&#8221;4.24.0&#8243; _module_preset=&#8221;default&#8221; global_colors_info=&#8221;{}&#8221;][\/et_pb_wc_upsells][\/et_pb_column][\/et_pb_row][et_pb_row _builder_version=&#8221;4.24.0&#8243; _module_preset=&#8221;default&#8221; global_colors_info=&#8221;{}&#8221;][et_pb_column type=&#8221;4_4&#8243; _builder_version=&#8221;4.24.0&#8243; _module_preset=&#8221;default&#8221; global_colors_info=&#8221;{}&#8221;][et_pb_wc_related_products posts_number=&#8221;2&#8243; include_categories=&#8221;current&#8221; _builder_version=&#8221;4.24.2&#8243; _module_preset=&#8221;default&#8221; global_colors_info=&#8221;{}&#8221;][\/et_pb_wc_related_products][\/et_pb_column][\/et_pb_row][\/et_pb_section]<\/p>\n","protected":false},"excerpt":{"rendered":"<h4 class=\"p1\"><span style=\"font-size: 24pt;\"><b>\u00a0Naj va\u0161a umetnina zasije<\/b><\/span><\/h4>\n<p>&nbsp;<\/p>\n<h4 class=\"p1\">\ud83c\udf81<b> Luksuzno darilno zavijanje<\/b><\/h4>\n<p class=\"p1\">Kupujete umetni\u0161ko delo za posebno darilo? Dodajte darilno embala\u017eo tukaj ali na blagajni za personalizirano, luksuzno zavito darilo, pripravljeno za darilo.<\/p>\n<p class=\"p1\">\u010cestitka v stilu z umetninami in darilno embala\u017eo je opremljena s to mo\u017enostjo, da lahko dodate ro\u010dno napisano sporo\u010dilo. Povejte mi, \u010de \u017eelite, da napi\u0161em sporo\u010dilo.<\/p>\n<p>&nbsp;<\/p>\n<h4 class=\"p1\">\ud83c\udf81<b> Zavito v slog<\/b><\/h4>\n<p>Darilno embala\u017eo prilagodim glede na umetni\u0161ko delo. Sporo\u010dite mi, \u010de imate kak\u0161ne \u017eelje, v razdelku za posebne opombe ob odjavi!<\/p>\n<p>S to mo\u017enostjo uporabljam ve\u010d plasti kakovostnega traku za \u010dudovit razko\u0161en zaklju\u010dek, ki ustreza umetni\u0161kemu delu.<\/p>","protected":false},"featured_media":257287,"template":"","meta":{"_et_pb_use_builder":"on","_et_pb_old_content":"<h4 class=\"p1\"><b>\u00a0Let your artwork shine<\/b><\/h4>\r\n<h4 class=\"p1\">\ud83c\udf81<b> Luxury gift wrapping<\/b><\/h4>\r\n<p class=\"p1\">Are you buying an artwork for a special gift? Add gift wrapping here or in checkout for a personalised ready-to-give luxuriously wrapped gift.<\/p>\r\n<p class=\"p1\">A greeting card in style with the artwork and gift wrapping comes with this option to allow you to add a hand-written message. Let me know if you would like me to write the message.<\/p>\r\n&nbsp;\r\n<h4 class=\"p1\">\ud83c\udf81<b> Wrapped in style<\/b><\/h4>\r\nI adjust gift wrapping based on the artwork. Please let me know if you have any wishes in the special notes section of the check-out!\r\n\r\nI use multiple layers of quality ribbon with this option for a beautifully luxurious finish that does justice to the artwork.","_et_gb_content_width":""},"product_brand":[],"product_cat":[1231],"product_tag":[430,1233,1238,1237,1232,1239,1240,1236,1234,1235],"class_list":{"0":"post-257295","1":"product","2":"type-product","3":"status-publish","4":"has-post-thumbnail","6":"product_cat-gift-wrapping","7":"product_tag-art-gift-for-her","8":"product_tag-art-gifts","9":"product_tag-birthday-gifts","10":"product_tag-christmas-gifts-art","11":"product_tag-gift-wrapping","12":"product_tag-luxurious-gift-wrapping","13":"product_tag-luxury-gift-wrapping","14":"product_tag-personalised-gift-wrapping","15":"product_tag-ready-to-give-gift","16":"product_tag-ribbon-wrapping","17":"product_shipping_class-small-packages","19":"first","20":"instock","21":"sold-individually","22":"shipping-taxable","23":"purchasable","24":"product-type-simple"},"_links":{"self":[{"href":"https:\/\/larisacarliart.store\/sl\/wp-json\/wp\/v2\/product\/257295","targetHints":{"allow":["GET"]}}],"collection":[{"href":"https:\/\/larisacarliart.store\/sl\/wp-json\/wp\/v2\/product"}],"about":[{"href":"https:\/\/larisacarliart.store\/sl\/wp-json\/wp\/v2\/types\/product"}],"wp:featuredmedia":[{"embeddable":true,"href":"https:\/\/larisacarliart.store\/sl\/wp-json\/wp\/v2\/media\/257287"}],"wp:attachment":[{"href":"https:\/\/larisacarliart.store\/sl\/wp-json\/wp\/v2\/media?parent=257295"}],"wp:term":[{"taxonomy":"product_brand","embeddable":true,"href":"https:\/\/larisacarliart.store\/sl\/wp-json\/wp\/v2\/product_brand?post=257295"},{"taxonomy":"product_cat","embeddable":true,"href":"https:\/\/larisacarliart.store\/sl\/wp-json\/wp\/v2\/product_cat?post=257295"},{"taxonomy":"product_tag","embeddable":true,"href":"https:\/\/larisacarliart.store\/sl\/wp-json\/wp\/v2\/product_tag?post=257295"}],"curies":[{"name":"wp","href":"https:\/\/api.w.org\/{rel}","templated":true}]}}