{"id":257463,"date":"2024-03-08T13:27:25","date_gmt":"2024-03-08T12:27:25","guid":{"rendered":"https:\/\/larisacarliart.store\/?post_type=product&#038;p=257463"},"modified":"2024-03-17T13:58:46","modified_gmt":"2024-03-17T12:58:46","slug":"personalizacija-daril","status":"publish","type":"product","link":"https:\/\/larisacarliart.store\/sl\/originali\/personalizacija-daril\/","title":{"rendered":"Personalizacija za vo\u0161\u010dilnice in printe"},"content":{"rendered":"<p>[et_pb_section fb_built=&#8221;1&#8243; _builder_version=&#8221;4.24.0&#8243; global_colors_info=&#8221;{}&#8221;][et_pb_row _builder_version=&#8221;4.16&#8243; custom_padding=&#8221;0px||0px||false|false&#8221; global_colors_info=&#8221;{}&#8221;][et_pb_column type=&#8221;4_4&#8243; _builder_version=&#8221;4.16&#8243; custom_padding=&#8221;|||&#8221; global_colors_info=&#8221;{}&#8221; custom_padding__hover=&#8221;|||&#8221;][et_pb_wc_cart_notice _builder_version=&#8221;4.24.0&#8243; global_colors_info=&#8221;{}&#8221;][\/et_pb_wc_cart_notice][\/et_pb_column][\/et_pb_row][et_pb_row column_structure=&#8221;1_2,1_2&#8243; _builder_version=&#8221;4.16&#8243; global_colors_info=&#8221;{}&#8221;][et_pb_column type=&#8221;1_2&#8243; _builder_version=&#8221;4.16&#8243; custom_padding=&#8221;|||&#8221; global_colors_info=&#8221;{}&#8221; custom_padding__hover=&#8221;|||&#8221;][et_pb_wc_images sale_badge_color=&#8221;gcid-c73ed0e8-9cc7-4be1-92d2-ff18dcaedfd6&#8243; _builder_version=&#8221;4.24.0&#8243; border_radii_image=&#8221;on|4px|4px|4px|4px&#8221; global_colors_info=&#8221;{%22gcid-c73ed0e8-9cc7-4be1-92d2-ff18dcaedfd6%22:%91%22sale_badge_color%22%93}&#8221;][\/et_pb_wc_images][\/et_pb_column][et_pb_column type=&#8221;1_2&#8243; _builder_version=&#8221;4.16&#8243; custom_padding=&#8221;|||&#8221; global_colors_info=&#8221;{}&#8221; custom_padding__hover=&#8221;|||&#8221;][et_pb_wc_title _builder_version=&#8221;4.24.2&#8243; global_colors_info=&#8221;{}&#8221;][\/et_pb_wc_title][et_pb_wc_price _builder_version=&#8221;4.24.0&#8243; before_sale_price_text_color=&#8221;gcid-29fc539d-c2f3-42b5-ab99-4fda24461b99&#8243; global_colors_info=&#8221;{%22gcid-29fc539d-c2f3-42b5-ab99-4fda24461b99%22:%91%22before_sale_price_text_color%22%93}&#8221;][\/et_pb_wc_price][et_pb_wc_description _builder_version=&#8221;4.24.0&#8243; global_colors_info=&#8221;{}&#8221;][\/et_pb_wc_description][et_pb_wc_add_to_cart _builder_version=&#8221;4.24.2&#8243; button_bg_color=&#8221;gcid-c73ed0e8-9cc7-4be1-92d2-ff18dcaedfd6&#8243; button_border_color=&#8221;gcid-c73ed0e8-9cc7-4be1-92d2-ff18dcaedfd6&#8243; hover_enabled=&#8221;0&#8243; border_color_all=&#8221;gcid-7e03a5fa-057e-4872-8e64-a47d0c2b8459&#8243; global_colors_info=&#8221;{%22gcid-7e03a5fa-057e-4872-8e64-a47d0c2b8459%22:%91%22border_color_all%22%93,%22gcid-c73ed0e8-9cc7-4be1-92d2-ff18dcaedfd6%22:%91%22button_bg_color%22,%22button_border_color%22%93}&#8221; sticky_enabled=&#8221;0&#8243;][\/et_pb_wc_add_to_cart][\/et_pb_column][\/et_pb_row][et_pb_row _builder_version=&#8221;4.24.0&#8243; _module_preset=&#8221;default&#8221; global_colors_info=&#8221;{}&#8221;][et_pb_column type=&#8221;4_4&#8243; _builder_version=&#8221;4.24.0&#8243; _module_preset=&#8221;default&#8221; global_colors_info=&#8221;{}&#8221;][et_pb_wc_related_products columns_number=&#8221;2&#8243; include_categories=&#8221;current&#8221; _builder_version=&#8221;4.24.2&#8243; _module_preset=&#8221;default&#8221; global_colors_info=&#8221;{}&#8221;][\/et_pb_wc_related_products][\/et_pb_column][\/et_pb_row][\/et_pb_section]<\/p>\n","protected":false},"excerpt":{"rendered":"<p class=\"p1\"><b>\u00a0<\/b><\/p>\n<h4 class=\"p1\">\ud83c\udf81<b> Prilagodljiva darila<\/b><\/h4>\n<p><strong>Poka\u017eite svojim najdra\u017ejim, koliko vam pomenijo<\/strong> tako da jim poka\u017eete, da je bilo darilo kupljeno posebej za njih!<\/p>\n<p>Na katero koli mojo vo\u0161\u010dilnico ali likovni tisk lahko dodate poljubno besedilo.<\/p>\n<p>&nbsp;<\/p>\n<h4 class=\"p1\"><b>Kako naro\u010diti:<\/b><\/h4>\n<ol>\n<li>V ko\u0161arico dodajte \u017eeleni tisk ali vo\u0161\u010dilnico,<\/li>\n<li>Dodajte ta dodatek za personalizacijo v svojo ko\u0161arico,<\/li>\n<li>Zapi\u0161ite pisavo, ki jo \u017eelite uporabiti (sicer uporabljam tisto, ki se mi zdi najbolj primerna),<\/li>\n<li><em>*Izbirno: Dodate lahko tudi darilno embala\u017eo, glejte spodaj <a href=\"https:\/\/larisacarliart.store\/sl\/zavijanje-daril-minimalisticno\/\">Darilno zavijanje<\/a> za vse mo\u017enosti.<\/em><\/li>\n<li>V rubriki Opombe na blagajni opi\u0161ite svoje \u017eelje, \u0161tevilko pisave in besedilo, ki ga \u017eelite dodati.<\/li>\n<li>To je to!<\/li>\n<\/ol>","protected":false},"featured_media":257457,"template":"","meta":{"_et_pb_use_builder":"on","_et_pb_old_content":"<p class=\"p1\"><b>\u00a0<\/b><\/p>\r\n\r\n<h4 class=\"p1\">\ud83c\udf81<b> Personalisable gifts<\/b><\/h4>\r\n<strong>Show your loved ones how much they mean to you<\/strong> by showing them the gift was bought specifically for them!\r\n\r\nYou can add any text to any of my greeting cards or fine art prints.\r\n\r\n&nbsp;\r\n<h4 class=\"p1\"><b>How to order:<\/b><\/h4>\r\n<ol>\r\n \t<li>Add the print or greeting card you would like in your basket,<\/li>\r\n \t<li>Add this personalisation add-on to your basket,<\/li>\r\n \t<li>Write down the font you would like to use (otherwise I use the one I think fits best),<\/li>\r\n \t<li><em>*Optional: You can also add gift wrapping, see under <a href=\"https:\/\/larisacarliart.store\/gift-wrapping\/\">Gift wrapping<\/a> for all options.<\/em><\/li>\r\n \t<li>Describe your wishes, font number and the text you would like to add in the Notes section on checkout.<\/li>\r\n \t<li>That's it!<\/li>\r\n<\/ol>","_et_gb_content_width":""},"product_brand":[],"product_cat":[1252],"product_tag":[1254,430,1255,1233,1256,1238,1237,1232,1253,1236,1234,1235,1257],"class_list":{"0":"post-257463","1":"product","2":"type-product","3":"status-publish","4":"has-post-thumbnail","6":"product_cat-personalisation","7":"product_tag-art-gift-customizable","8":"product_tag-art-gift-for-her","9":"product_tag-art-gift-personalised","10":"product_tag-art-gifts","11":"product_tag-art-personalisation","12":"product_tag-birthday-gifts","13":"product_tag-christmas-gifts-art","14":"product_tag-gift-wrapping","15":"product_tag-item-customisation","16":"product_tag-personalised-gift-wrapping","17":"product_tag-ready-to-give-gift","18":"product_tag-ribbon-wrapping","19":"product_tag-wedding-greeting-card","21":"first","22":"instock","23":"sold-individually","24":"shipping-taxable","25":"purchasable","26":"product-type-simple"},"_links":{"self":[{"href":"https:\/\/larisacarliart.store\/sl\/wp-json\/wp\/v2\/product\/257463","targetHints":{"allow":["GET"]}}],"collection":[{"href":"https:\/\/larisacarliart.store\/sl\/wp-json\/wp\/v2\/product"}],"about":[{"href":"https:\/\/larisacarliart.store\/sl\/wp-json\/wp\/v2\/types\/product"}],"wp:featuredmedia":[{"embeddable":true,"href":"https:\/\/larisacarliart.store\/sl\/wp-json\/wp\/v2\/media\/257457"}],"wp:attachment":[{"href":"https:\/\/larisacarliart.store\/sl\/wp-json\/wp\/v2\/media?parent=257463"}],"wp:term":[{"taxonomy":"product_brand","embeddable":true,"href":"https:\/\/larisacarliart.store\/sl\/wp-json\/wp\/v2\/product_brand?post=257463"},{"taxonomy":"product_cat","embeddable":true,"href":"https:\/\/larisacarliart.store\/sl\/wp-json\/wp\/v2\/product_cat?post=257463"},{"taxonomy":"product_tag","embeddable":true,"href":"https:\/\/larisacarliart.store\/sl\/wp-json\/wp\/v2\/product_tag?post=257463"}],"curies":[{"name":"wp","href":"https:\/\/api.w.org\/{rel}","templated":true}]}}