{"id":257853,"date":"2024-03-29T10:03:45","date_gmt":"2024-03-29T09:03:45","guid":{"rendered":"https:\/\/larisacarliart.store\/?post_type=product&#038;p=257853"},"modified":"2024-03-29T10:25:11","modified_gmt":"2024-03-29T09:25:11","slug":"bohinjska-gora-slovenija-2","status":"publish","type":"product","link":"https:\/\/larisacarliart.store\/sl\/originali\/bohinjska-gora-slovenija-2\/","title":{"rendered":"Jezero Jasna Skulptura Kozorog, Slovenija originalna akvarelna slika"},"content":{"rendered":"<p>[et_pb_section fb_built=&#8221;1&#8243; _builder_version=&#8221;4.24.0&#8243; global_colors_info=&#8221;{}&#8221;][et_pb_row _builder_version=&#8221;4.16&#8243; custom_padding=&#8221;0px||0px||false|false&#8221; global_colors_info=&#8221;{}&#8221;][et_pb_column type=&#8221;4_4&#8243; _builder_version=&#8221;4.16&#8243; custom_padding=&#8221;|||&#8221; global_colors_info=&#8221;{}&#8221; custom_padding__hover=&#8221;|||&#8221;][et_pb_wc_cart_notice _builder_version=&#8221;4.24.0&#8243; global_colors_info=&#8221;{}&#8221;][\/et_pb_wc_cart_notice][\/et_pb_column][\/et_pb_row][et_pb_row column_structure=&#8221;1_2,1_2&#8243; _builder_version=&#8221;4.16&#8243; global_colors_info=&#8221;{}&#8221;][et_pb_column type=&#8221;1_2&#8243; _builder_version=&#8221;4.16&#8243; custom_padding=&#8221;|||&#8221; global_colors_info=&#8221;{}&#8221; custom_padding__hover=&#8221;|||&#8221;][et_pb_wc_images sale_badge_color=&#8221;gcid-c73ed0e8-9cc7-4be1-92d2-ff18dcaedfd6&#8243; _builder_version=&#8221;4.24.0&#8243; border_radii_image=&#8221;on|4px|4px|4px|4px&#8221; global_colors_info=&#8221;{%22gcid-c73ed0e8-9cc7-4be1-92d2-ff18dcaedfd6%22:%91%22sale_badge_color%22%93}&#8221;][\/et_pb_wc_images][et_pb_wc_tabs include_tabs=&#8221;wpt-286|wpt-287|wpt-288|wpt-289||&#8221; _builder_version=&#8221;4.24.0&#8243; _module_preset=&#8221;default&#8221; global_colors_info=&#8221;{}&#8221;][\/et_pb_wc_tabs][et_pb_wc_upsells _builder_version=&#8221;4.24.0&#8243; _module_preset=&#8221;default&#8221; global_colors_info=&#8221;{}&#8221;][\/et_pb_wc_upsells][\/et_pb_column][et_pb_column type=&#8221;1_2&#8243; _builder_version=&#8221;4.16&#8243; custom_padding=&#8221;|||&#8221; global_colors_info=&#8221;{}&#8221; custom_padding__hover=&#8221;|||&#8221;][et_pb_wc_title _builder_version=&#8221;4.24.0&#8243; header_font=&#8221;Times New Roman||||||||&#8221; global_colors_info=&#8221;{}&#8221;][\/et_pb_wc_title][et_pb_wc_price _builder_version=&#8221;4.24.0&#8243; before_sale_price_text_color=&#8221;gcid-29fc539d-c2f3-42b5-ab99-4fda24461b99&#8243; global_colors_info=&#8221;{%22gcid-29fc539d-c2f3-42b5-ab99-4fda24461b99%22:%91%22before_sale_price_text_color%22%93}&#8221;][\/et_pb_wc_price][et_pb_wc_description _builder_version=&#8221;4.24.0&#8243; global_colors_info=&#8221;{}&#8221;][\/et_pb_wc_description][et_pb_wc_add_to_cart _builder_version=&#8221;4.24.0&#8243; button_bg_color=&#8221;gcid-c73ed0e8-9cc7-4be1-92d2-ff18dcaedfd6&#8243; button_border_color=&#8221;gcid-c73ed0e8-9cc7-4be1-92d2-ff18dcaedfd6&#8243; border_color_all=&#8221;gcid-7e03a5fa-057e-4872-8e64-a47d0c2b8459&#8243; global_colors_info=&#8221;{%22gcid-7e03a5fa-057e-4872-8e64-a47d0c2b8459%22:%91%22border_color_all%22%93,%22gcid-c73ed0e8-9cc7-4be1-92d2-ff18dcaedfd6%22:%91%22button_bg_color%22,%22button_border_color%22%93}&#8221;][\/et_pb_wc_add_to_cart][\/et_pb_column][\/et_pb_row][et_pb_row _builder_version=&#8221;4.24.0&#8243; _module_preset=&#8221;default&#8221; global_colors_info=&#8221;{}&#8221;][et_pb_column type=&#8221;4_4&#8243; _builder_version=&#8221;4.24.0&#8243; _module_preset=&#8221;default&#8221; global_colors_info=&#8221;{}&#8221;][et_pb_wc_related_products _builder_version=&#8221;4.24.0&#8243; _module_preset=&#8221;default&#8221; global_colors_info=&#8221;{}&#8221;][\/et_pb_wc_related_products][\/et_pb_column][\/et_pb_row][\/et_pb_section]<\/p>\n","protected":false},"excerpt":{"rendered":"<p>Lake Jasna is a beautiful natural lake that lies on the north of Slovenia, in the mountain valley called Kranjska gora. Both Kranjska gora and the lake are stunning an offer some of the most amazing views since it\u2019s surrounded by mountains. In summer time it\u2019s very refreshing to visit it as the lake is very cold, but still wonderful to swim in. Take some of that freshness into your home with this lake artwork.<\/p>\n<h5 class=\"p1\">VELIKOST: 31\u00d741 cm, pribl. 12\u00d716 palcev.<\/h5>\n<p>&nbsp;<\/p>\n<h4 class=\"p1\">\ud83d\udd8c\ufe0f<b> Podrobnosti<\/b><\/h4>\n<ul class=\"ul1\">\n<li class=\"li1\">originalna ro\u010dno naslikana slika,<\/li>\n<li class=\"li1\">100% bomba\u017e 300gsm arhivski papir,<\/li>\n<li class=\"li1\">pigmentne akvarele, ki ne bledijo,<\/li>\n<li class=\"li1\">okvir ni vklju\u010den,<\/li>\n<li class=\"li1\">navodila za nego prilo\u017eena paketu,<\/li>\n<li class=\"li1\">pri\u010dakuje se, da bo nespremenjen ve\u010d kot 200 let!<\/li>\n<\/ul>\n<h4 class=\"p1\">\u2728<b> Izvirnost in avtenti\u010dnost<\/b><\/h4>\n<p class=\"p1\">Sem slovenska slikarka, slikam in obo\u017eujem Sredozemlje \ud83c\uddf8\ud83c\uddee<\/p>\n<p class=\"p1\">Vsi izdelki v moji trgovini temeljijo na mojih originalnih slikah, naslikanih s potovanj.<\/p>\n<p class=\"p1\">Lepoto Sredozemlja \u017eelim deliti tudi z vami!<\/p>\n<p class=\"p1\"><b>\u00a0<\/b><\/p>\n<h4 class=\"p1\">\ud83c\udf81<b> Popolno darilo<\/b><\/h4>\n<p class=\"p1\">Izvirne slike so \u010dudovita darila in so \u0161e posebej premi\u0161ljeno darilo za ljubitelje potovanj in umetnosti!<\/p>\n<p class=\"p1\">Kupci jih pogosto jemljejo kot darila za rojstni dan, obletnico, poroko in vselitev.<\/p>\n<p class=\"p1\">Lahko jih podarimo direktno ali uokvirimo. Mo\u017enost zavijanja daril!<\/p>\n<p class=\"p1\">Oglejte si ve\u010d informacij v zavihkih na levi.<\/p>","protected":false},"featured_media":257863,"template":"","meta":{"_et_pb_use_builder":"on","_et_pb_old_content":"Lake Jasna is a beautiful natural lake that lies on the north of Slovenia, in the mountain valley called Kranjska gora. Both Kranjska gora and the lake are stunning an offer some of the most amazing views since it\u2019s surrounded by mountains. In summer time it\u2019s very refreshing to visit it as the lake is very cold, but still wonderful to swim in. Take some of that freshness into your home with this lake artwork.\r\n<h5 class=\"p1\">SIZE: 31x41 cm, approx. 12x16 inches.<\/h5>\r\n&nbsp;\r\n<h4 class=\"p1\">\ud83d\udd8c\ufe0f<b> Details<\/b><\/h4>\r\n<ul class=\"ul1\">\r\n \t<li class=\"li1\">an original hand-painted painting,<\/li>\r\n \t<li class=\"li1\">100% cotton 300gsm archival paper,<\/li>\r\n \t<li class=\"li1\">non-fading lightfast pigment watercolors,<\/li>\r\n \t<li class=\"li1\">frame not included,<\/li>\r\n \t<li class=\"li1\">care instructions included in the package,<\/li>\r\n \t<li class=\"li1\">expected to last unchanged for 200+ years!<\/li>\r\n<\/ul>\r\n<h4 class=\"p1\">\u2728<b> Original &amp; authentic design<\/b><\/h4>\r\n<p class=\"p1\">I am a Mediterannean watercolor artist born and based in Slovenia \ud83c\uddf8\ud83c\uddee<\/p>\r\n<p class=\"p1\">All of the items in my store are based on my original paintings painted from my travels.<\/p>\r\n<p class=\"p1\">I wish to share the beauty of the Mediterranean with you as well!<\/p>\r\n<p class=\"p1\"><b>\u00a0<\/b><\/p>\r\n\r\n<h4 class=\"p1\">\ud83c\udf81<b> Perfect gift<\/b><\/h4>\r\n<p class=\"p1\">Original paintings are wonderful gifts and make an especially thoughtful gift for travel &amp; art lovers!<\/p>\r\n<p class=\"p1\">Buyers often take them as birthday, anniversary, wedding and housewarming gifts.<\/p>\r\n<p class=\"p1\">They can either be gifted directly or framed. Gift wrapping available!<\/p>\r\n<p class=\"p1\">See more info in the tabs on the left.<\/p>","_et_gb_content_width":""},"product_brand":[],"product_cat":[1025],"product_tag":[220,219,843,1309,1308,1310,182,553,221,379,1312,1311,842,224,297,1313,584],"class_list":{"0":"post-257853","1":"product","2":"type-product","3":"status-publish","4":"has-post-thumbnail","6":"product_cat-original-paintings","7":"product_tag-eastern-europe","8":"product_tag-european-artist","9":"product_tag-gorenjska-nature-art","10":"product_tag-lake-jasna-capricorn-sculpture","11":"product_tag-lake-jasna-slovenia","12":"product_tag-lake-jasna-summer","13":"product_tag-mediterannean-art","14":"product_tag-mountain-landscape","15":"product_tag-mountain-village","16":"product_tag-nature-watercolor","17":"product_tag-original-wall-art","18":"product_tag-slovenia-in-summer","19":"product_tag-travel-gift-sky","20":"product_tag-wall-art-home-decor","21":"product_tag-wall-art-nature-sky","22":"product_tag-wall-art-watercolor","23":"product_tag-watercolor-mountains","24":"product_shipping_class-paintings-up-to-a3","26":"first","27":"instock","28":"sold-individually","29":"shipping-taxable","30":"purchasable","31":"product-type-simple"},"_links":{"self":[{"href":"https:\/\/larisacarliart.store\/sl\/wp-json\/wp\/v2\/product\/257853","targetHints":{"allow":["GET"]}}],"collection":[{"href":"https:\/\/larisacarliart.store\/sl\/wp-json\/wp\/v2\/product"}],"about":[{"href":"https:\/\/larisacarliart.store\/sl\/wp-json\/wp\/v2\/types\/product"}],"wp:featuredmedia":[{"embeddable":true,"href":"https:\/\/larisacarliart.store\/sl\/wp-json\/wp\/v2\/media\/257863"}],"wp:attachment":[{"href":"https:\/\/larisacarliart.store\/sl\/wp-json\/wp\/v2\/media?parent=257853"}],"wp:term":[{"taxonomy":"product_brand","embeddable":true,"href":"https:\/\/larisacarliart.store\/sl\/wp-json\/wp\/v2\/product_brand?post=257853"},{"taxonomy":"product_cat","embeddable":true,"href":"https:\/\/larisacarliart.store\/sl\/wp-json\/wp\/v2\/product_cat?post=257853"},{"taxonomy":"product_tag","embeddable":true,"href":"https:\/\/larisacarliart.store\/sl\/wp-json\/wp\/v2\/product_tag?post=257853"}],"curies":[{"name":"wp","href":"https:\/\/api.w.org\/{rel}","templated":true}]}}